{"id":90,"date":"2013-08-20T21:36:20","date_gmt":"2013-08-20T21:36:20","guid":{"rendered":"http:\/\/www.zoodata.com.php53-21.ord1-1.websitetestlink.com\/zoodata\/?page_id=90"},"modified":"2013-08-20T21:36:20","modified_gmt":"2013-08-20T21:36:20","slug":"identificacion-de-neumaticos","status":"publish","type":"page","link":"https:\/\/www.zoodata.com\/zoodata\/identificacion-de-neumaticos\/","title":{"rendered":"Identificaci\u00f3n de Neumaticos"},"content":{"rendered":"<p>En el \u00faltimo a\u00f1o Estados Unidos ha estado desarrollando nuevas y avanzadas tecnolog\u00edas para la identificaci\u00f3n industrial de Ruedas y Neum\u00e1ticos. Se est\u00e1 llevando a cabo un revolucionario proyecto con la utilizaci\u00f3n de los avances tecnol\u00f3gicos en la identificaci\u00f3n por RFID, por medio de transponder o Tags que pueden ser implantados en el interior del neum\u00e1tico.<\/br><\/br>\n\t\t\t\t\t\t<\/p>\n<p>\n\t\t\t\t\t\t\tContamos con el \u00fanico dispositivo electr\u00f3nico de RFID que puede ser le\u00eddo a trav\u00e9s del metal, lo que permite su postura en neum\u00e1ticos sin interferencias de ning\u00fan tipo.<\/br><\/br>\n\t\t\t\t\t\t<\/p>\n<p>Esta tecnolog\u00eda le da la posibilidad de incorporar RFID en su l\u00ednea de producci\u00f3n para optimizar sus recursos humanos y ofrecer un servicio de optima calidad y confiabilidad en la identificaci\u00f3n de neum\u00e1ticos en su l\u00ednea de producci\u00f3n de neum\u00e1ticos nuevos o en el proceso de recauchaje.<\/br><\/br>\n\t\t\t\t\t\t<\/p>\n<p>Junto con ello es posible hacer un seguimiento del rendimiento, stock, uso, defectos y muchos otros procedimientos de control por parte de terceros.<\/br><\/br>\n\t\t\t\t\t\t<\/p>\n<p>Al momento de la lectura, el c\u00f3digo puede pasar v\u00eda interfase a un PC o Capturador de Datos obteniendo todo los datos t\u00e9cnicos e historial del neum\u00e1tico. La informaci\u00f3n puede ser editada como servicio a sus clientes.\n\t\t\t\t\t\t<\/p>\n","protected":false},"excerpt":{"rendered":"<p>En el \u00faltimo a\u00f1o Estados Unidos ha estado desarrollando nuevas y avanzadas tecnolog\u00edas para la identificaci\u00f3n industrial de Ruedas y Neum\u00e1ticos. Se est\u00e1 llevando a cabo un revolucionario proyecto con la utilizaci\u00f3n de los avances tecnol\u00f3gicos en la identificaci\u00f3n por RFID, por medio de transponder o Tags que pueden ser implantados en el interior del [&hellip;]<\/p>\n","protected":false},"author":1,"featured_media":91,"parent":0,"menu_order":0,"comment_status":"open","ping_status":"open","template":"producto-azul-template.php","meta":[],"_links":{"self":[{"href":"https:\/\/www.zoodata.com\/zoodata\/wp-json\/wp\/v2\/pages\/90"}],"collection":[{"href":"https:\/\/www.zoodata.com\/zoodata\/wp-json\/wp\/v2\/pages"}],"about":[{"href":"https:\/\/www.zoodata.com\/zoodata\/wp-json\/wp\/v2\/types\/page"}],"author":[{"embeddable":true,"href":"https:\/\/www.zoodata.com\/zoodata\/wp-json\/wp\/v2\/users\/1"}],"replies":[{"embeddable":true,"href":"https:\/\/www.zoodata.com\/zoodata\/wp-json\/wp\/v2\/comments?post=90"}],"version-history":[{"count":1,"href":"https:\/\/www.zoodata.com\/zoodata\/wp-json\/wp\/v2\/pages\/90\/revisions"}],"predecessor-version":[{"id":92,"href":"https:\/\/www.zoodata.com\/zoodata\/wp-json\/wp\/v2\/pages\/90\/revisions\/92"}],"wp:featuredmedia":[{"embeddable":true,"href":"https:\/\/www.zoodata.com\/zoodata\/wp-json\/wp\/v2\/media\/91"}],"wp:attachment":[{"href":"https:\/\/www.zoodata.com\/zoodata\/wp-json\/wp\/v2\/media?parent=90"}],"curies":[{"name":"wp","href":"https:\/\/api.w.org\/{rel}","templated":true}]}}