{"id":86,"date":"2013-08-20T21:33:50","date_gmt":"2013-08-20T21:33:50","guid":{"rendered":"http:\/\/www.zoodata.com.php53-21.ord1-1.websitetestlink.com\/zoodata\/?page_id=86"},"modified":"2013-08-20T21:33:50","modified_gmt":"2013-08-20T21:33:50","slug":"capturadores-de-datos-y-software","status":"publish","type":"page","link":"https:\/\/www.zoodata.com\/zoodata\/capturadores-de-datos-y-software\/","title":{"rendered":"Capturadores de Datos y Software"},"content":{"rendered":"<p>El Capturador de datos es un computador de mano econ\u00f3mico de altas prestaciones, dise\u00f1ado para utilizar en toda clase de ambientes, generalmente para aumentar la eficacia de los procesos comerciales. El equipo puede gestionar simult\u00e1neamente tareas de proceso y programaci\u00f3n complejas.<\/br><\/br><\/p>\n<p>El Capturador inteligente posee un m\u00f3dulo RFID incorporado intercambiable o puede conectarse viainterfase RS232 a un lector RFID externo, habilitando la opci\u00f3n de incorporar un peque\u00f1o ordenador que no s\u00f3lo almacena el n\u00famero de identificaci\u00f3n le\u00eddo sino que permite introducir datos de los animales y gestionar estos datos. El sistema soporta cuantos campos de informaci\u00f3n se desee, asi como, la compatibilidad con cualquier software.<\/br><\/br><\/p>\n<p>La capacidad de almacenamiento del Capturador es de 2 Mb (2.000.000 de caracteres), que permite almacenar datos de 10.000 animales aproximadamente, con 10 campos c\/u, seg\u00fan sus necesidades.<\/br><\/br><\/p>\n<p>Especificaciones t\u00e9cnicas<\/br><\/br><br \/>\nLos datos obtenidos pueden ser traspasados a un PC para actualizar la informaci\u00f3n mediante una cuna de interfase o ser impresos en terreno v\u00eda serial laser a una impresora Termica Modelo 3000T.<\/br><\/br><\/p>\n<p>Especificaciones t\u00e9cnicas<\/br><\/br><\/p>\n<p>Software:<\/br><\/br><\/p>\n<p>La identificaci\u00f3n de los animales va \u00edntimamente ligada a la existencia de una Base de Datos donde se ingresa toda la informaci\u00f3n necesaria y \u00fatil del animal y de su propietario. Dicha informaci\u00f3n debe servir de soporte tanto para las diferentes entidades encargadas del registro y filiaci\u00f3n de los animales como para los usuarios del sistema.<\/br><\/br><\/p>\n<p>Este soporte computacional cumple con las necesidades de proporcionar los antecedentes necesarios para la identificaci\u00f3n efectiva de los animales, fichas Cl\u00ednicas y datos del propietario. <\/br><\/br><\/p>\n<p>El programa BREEDERR fue creado para funcionar bajo el ambiente Windows aprovechando al m\u00e1ximo la potencia de trabajo de \u00e9ste sistema operativo, y se apoya internamente en estructuras complejas de gesti\u00f3n de datos que soporta este entorno de trabajo, para conseguir mayor capacidad de gesti\u00f3n, relaciones m\u00e1s estables entre los datos y una flexibilidad total a la hora de ser utilizados.<br \/>\n.<\/br><\/br>\n\t\t\t\t\t\t<\/p>\n<p>Ud. puede mantener el control del contenido, peso, destino y destino de cada contenedor desde el punto de salida hasta el punto de destina.\n\t\t\t\t\t\t<\/p>\n","protected":false},"excerpt":{"rendered":"<p>El Capturador de datos es un computador de mano econ\u00f3mico de altas prestaciones, dise\u00f1ado para utilizar en toda clase de ambientes, generalmente para aumentar la eficacia de los procesos comerciales. El equipo puede gestionar simult\u00e1neamente tareas de proceso y programaci\u00f3n complejas. El Capturador inteligente posee un m\u00f3dulo RFID incorporado intercambiable o puede conectarse viainterfase RS232 [&hellip;]<\/p>\n","protected":false},"author":1,"featured_media":87,"parent":0,"menu_order":0,"comment_status":"open","ping_status":"open","template":"producto-morado-template.php","meta":[],"_links":{"self":[{"href":"https:\/\/www.zoodata.com\/zoodata\/wp-json\/wp\/v2\/pages\/86"}],"collection":[{"href":"https:\/\/www.zoodata.com\/zoodata\/wp-json\/wp\/v2\/pages"}],"about":[{"href":"https:\/\/www.zoodata.com\/zoodata\/wp-json\/wp\/v2\/types\/page"}],"author":[{"embeddable":true,"href":"https:\/\/www.zoodata.com\/zoodata\/wp-json\/wp\/v2\/users\/1"}],"replies":[{"embeddable":true,"href":"https:\/\/www.zoodata.com\/zoodata\/wp-json\/wp\/v2\/comments?post=86"}],"version-history":[{"count":1,"href":"https:\/\/www.zoodata.com\/zoodata\/wp-json\/wp\/v2\/pages\/86\/revisions"}],"predecessor-version":[{"id":88,"href":"https:\/\/www.zoodata.com\/zoodata\/wp-json\/wp\/v2\/pages\/86\/revisions\/88"}],"wp:featuredmedia":[{"embeddable":true,"href":"https:\/\/www.zoodata.com\/zoodata\/wp-json\/wp\/v2\/media\/87"}],"wp:attachment":[{"href":"https:\/\/www.zoodata.com\/zoodata\/wp-json\/wp\/v2\/media?parent=86"}],"curies":[{"name":"wp","href":"https:\/\/api.w.org\/{rel}","templated":true}]}}