{"id":82,"date":"2013-08-20T21:12:12","date_gmt":"2013-08-20T21:12:12","guid":{"rendered":"http:\/\/www.zoodata.com.php53-21.ord1-1.websitetestlink.com\/zoodata\/?page_id=82"},"modified":"2013-08-20T21:12:12","modified_gmt":"2013-08-20T21:12:12","slug":"identificacion-rfid-vehiculo","status":"publish","type":"page","link":"https:\/\/www.zoodata.com\/zoodata\/identificacion-rfid-vehiculo\/","title":{"rendered":"Identificaci\u00f3n RFID V\u00e9hiculo"},"content":{"rendered":"<p>Buscar con rapidez y mejor, la forma m\u00e1s conveniente de controlar el tr\u00e1fico de veh\u00edculos dentro y fuera de sus instalaciones.<\/br><\/br>\n\t\t\t\t\t\t<\/p>\n<p>\n\t\t\t\t\t\t\tEste Sistema le proporciona un mayor rango de identificaci\u00f3n de veh\u00edculos del mercado, ya sea para simples controles de acceso en puertas o entradas, como en capacidades de administraci\u00f3n de flotas.<\/p>\n","protected":false},"excerpt":{"rendered":"<p>Buscar con rapidez y mejor, la forma m\u00e1s conveniente de controlar el tr\u00e1fico de veh\u00edculos dentro y fuera de sus instalaciones. Este Sistema le proporciona un mayor rango de identificaci\u00f3n de veh\u00edculos del mercado, ya sea para simples controles de acceso en puertas o entradas, como en capacidades de administraci\u00f3n de flotas.<\/p>\n","protected":false},"author":1,"featured_media":83,"parent":0,"menu_order":0,"comment_status":"open","ping_status":"open","template":"producto-azulino-template.php","meta":[],"_links":{"self":[{"href":"https:\/\/www.zoodata.com\/zoodata\/wp-json\/wp\/v2\/pages\/82"}],"collection":[{"href":"https:\/\/www.zoodata.com\/zoodata\/wp-json\/wp\/v2\/pages"}],"about":[{"href":"https:\/\/www.zoodata.com\/zoodata\/wp-json\/wp\/v2\/types\/page"}],"author":[{"embeddable":true,"href":"https:\/\/www.zoodata.com\/zoodata\/wp-json\/wp\/v2\/users\/1"}],"replies":[{"embeddable":true,"href":"https:\/\/www.zoodata.com\/zoodata\/wp-json\/wp\/v2\/comments?post=82"}],"version-history":[{"count":1,"href":"https:\/\/www.zoodata.com\/zoodata\/wp-json\/wp\/v2\/pages\/82\/revisions"}],"predecessor-version":[{"id":84,"href":"https:\/\/www.zoodata.com\/zoodata\/wp-json\/wp\/v2\/pages\/82\/revisions\/84"}],"wp:featuredmedia":[{"embeddable":true,"href":"https:\/\/www.zoodata.com\/zoodata\/wp-json\/wp\/v2\/media\/83"}],"wp:attachment":[{"href":"https:\/\/www.zoodata.com\/zoodata\/wp-json\/wp\/v2\/media?parent=82"}],"curies":[{"name":"wp","href":"https:\/\/api.w.org\/{rel}","templated":true}]}}