{"id":78,"date":"2013-08-20T21:09:33","date_gmt":"2013-08-20T21:09:33","guid":{"rendered":"http:\/\/www.zoodata.com.php53-21.ord1-1.websitetestlink.com\/zoodata\/?page_id=78"},"modified":"2013-08-20T21:09:33","modified_gmt":"2013-08-20T21:09:33","slug":"identificacion-rfid-personal","status":"publish","type":"page","link":"https:\/\/www.zoodata.com\/zoodata\/identificacion-rfid-personal\/","title":{"rendered":"Identificaci\u00f3n RFID Personal"},"content":{"rendered":"<p>La seguridad de sus instalaciones va m\u00e1s alla de un simple control de acceso. Va por saber en donde se encuentran sus empleados y por donde se mueven.<\/br><\/br>\n\t\t\t\t\t\t<\/p>\n<p>\n\t\t\t\t\t\t\tEl Sistema Autom\u00e1tico de Identificaci\u00f3n de Personal (SAIP), combina control de acceso con la habilidad de monitorear autom\u00e1ticamente los movimientos de personas dentro de sus instalaciones o recinto.<\/br><\/br>\n\t\t\t\t\t\t<\/p>\n<p>El dispositivo AT-132P le brinda una identificaci\u00f3n manos libres. Las se\u00f1ales del dispositivo pueden viajar grandes distancias alrededor y atrav\u00e9s de las paredes, ropa, equipaje e incluso personas.<\/br><\/br>\n\t\t\t\t\t\t<\/p>\n<p>M\u00faltiples dispositivos pueden ser le\u00eddos a una distancia de hasta 100 mts dentro de establecimientos normales, lo que le permite monitorear desde sitios estrat\u00e9gicos sin alterar la est\u00e9tica.<\/br><\/br>\n\t\t\t\t\t\t<\/p>\n<p>Beneficios: Seguridad &#8211; El sistema SAIP lo provee de un control r\u00e1pido y efectivo de su p\u00fablico objetivo dentro de las zonas en las cuales desea conocer el movimiento de personas. El SAIP puede identificar cada persona, pudiendo autorizar o rechazar la entrada del usuario a un determinado recinto o \u00e1rea.<\/br><\/br>\n\t\t\t\t\t\t<\/p>\n<p>Conveniencia &#8211; El Sistema SAIP puede operar sin personal ejecutor. Los usuarios s\u00f3lo se acercan a las antenas y son reconocido por el sistema.<\/br><\/br>\n\t\t\t\t\t\t<\/p>\n<p>Flexibilidad &#8211; Dependiendo de sus necesidades Ud. puede instalar portales autom\u00e1ticos o manuales para permitir el acceso.<\/p>\n","protected":false},"excerpt":{"rendered":"<p>La seguridad de sus instalaciones va m\u00e1s alla de un simple control de acceso. Va por saber en donde se encuentran sus empleados y por donde se mueven. El Sistema Autom\u00e1tico de Identificaci\u00f3n de Personal (SAIP), combina control de acceso con la habilidad de monitorear autom\u00e1ticamente los movimientos de personas dentro de sus instalaciones o [&hellip;]<\/p>\n","protected":false},"author":1,"featured_media":79,"parent":0,"menu_order":0,"comment_status":"open","ping_status":"open","template":"producto-naranjo-template.php","meta":[],"_links":{"self":[{"href":"https:\/\/www.zoodata.com\/zoodata\/wp-json\/wp\/v2\/pages\/78"}],"collection":[{"href":"https:\/\/www.zoodata.com\/zoodata\/wp-json\/wp\/v2\/pages"}],"about":[{"href":"https:\/\/www.zoodata.com\/zoodata\/wp-json\/wp\/v2\/types\/page"}],"author":[{"embeddable":true,"href":"https:\/\/www.zoodata.com\/zoodata\/wp-json\/wp\/v2\/users\/1"}],"replies":[{"embeddable":true,"href":"https:\/\/www.zoodata.com\/zoodata\/wp-json\/wp\/v2\/comments?post=78"}],"version-history":[{"count":1,"href":"https:\/\/www.zoodata.com\/zoodata\/wp-json\/wp\/v2\/pages\/78\/revisions"}],"predecessor-version":[{"id":80,"href":"https:\/\/www.zoodata.com\/zoodata\/wp-json\/wp\/v2\/pages\/78\/revisions\/80"}],"wp:featuredmedia":[{"embeddable":true,"href":"https:\/\/www.zoodata.com\/zoodata\/wp-json\/wp\/v2\/media\/79"}],"wp:attachment":[{"href":"https:\/\/www.zoodata.com\/zoodata\/wp-json\/wp\/v2\/media?parent=78"}],"curies":[{"name":"wp","href":"https:\/\/api.w.org\/{rel}","templated":true}]}}