{"id":73,"date":"2013-08-20T21:03:48","date_gmt":"2013-08-20T21:03:48","guid":{"rendered":"http:\/\/www.zoodata.com.php53-21.ord1-1.websitetestlink.com\/zoodata\/?page_id=73"},"modified":"2013-08-28T14:26:09","modified_gmt":"2013-08-28T14:26:09","slug":"scanner-rfid","status":"publish","type":"page","link":"https:\/\/www.zoodata.com\/zoodata\/scanner-rfid\/","title":{"rendered":"Scanner RFID"},"content":{"rendered":"<p>Lectores Port\u00e1tiles de Radio Frecuencia.<\/p>\n<p>Los Scanners son instrumentos port\u00e1tiles a bater\u00eda o Industriales fijos para animales de abasto, que emiten ondas de Radio-Frecuencia (RFID) de 134.2 +\/- 1.5 KHz, acorde con las especificaciones y normas ISO 11784 y 11785 que incluyen los sistemas FullDuplex (FDX) y HalfDuplex (HDX).<\/p>\n<p>&nbsp;<\/p>\n<p>Estas ondas de radio atraviesan la piel y detectan la presencia del Dispositivo Electr\u00f3nico, recibiendo en forma de una emisi\u00f3n de rebote la se\u00f1al que se convierte en un n\u00famero \u00fanico desplegado en una pantalla de cristal l\u00edquido de 16 caracteres.<\/p>\n<p>&nbsp;<\/p>\n<p>Lectores Fijos.:<\/p>\n<p>&nbsp;<\/p>\n<p>El tiempo de lectura toma apenas una fracci\u00f3n de segundo y puede ser transmitido v\u00eda interface est\u00e1ndar a una computadora, al igual que el sistema de c\u00f3digo de barras para la identificaci\u00f3n de productos en un supermercado.<\/p>\n<p>&nbsp;<\/p>\n<p>Los lectores industriales permiten la lectura de animales en movimiento en lugares donde es necesario la identificaci\u00f3n de ellos dentro de cualquier etapa de la cadena de producci\u00f3n, registr\u00e1ndo el c\u00f3digo \u00fanico. Estos scanner operan con un sistema Half-Duplex (HDX), que permite una lectura del dispositivo a una mayor distancia.<\/p>\n<p>&nbsp;<\/p>\n<p>El sistema de trazabilidad del Proceso de los animales ingresados al matadero puede ser monitoreado a lo largo del proceso de cortes hasta los productos finales con el sistema de Gancho con RFID. De esta manera cada punto deseado puede ejecutar la lectura y determinar la ubicaci\u00f3n de la canal en tiempo real.<\/p>\n<p>&nbsp;<\/p>\n<p>Lectores Estacionarios y Antenas<\/p>\n<p>&nbsp;<\/p>\n<p>La versatilidad de los lectores puede asociarse a un sin fin de funciones. La utilidad en sistemas tecnificados de producci\u00f3n puede brindar rapidez y eficiencia en todo tipo de actividades como el Control Lechero y pesaje de animales.<\/p>\n","protected":false},"excerpt":{"rendered":"<p>Lectores Port\u00e1tiles de Radio Frecuencia. Los Scanners son instrumentos port\u00e1tiles a bater\u00eda o Industriales fijos para animales de abasto, que emiten ondas de Radio-Frecuencia (RFID) de 134.2 +\/- 1.5 KHz, acorde con las especificaciones y normas ISO 11784 y 11785 que incluyen los sistemas FullDuplex (FDX) y HalfDuplex (HDX). &nbsp; Estas ondas de radio atraviesan [&hellip;]<\/p>\n","protected":false},"author":1,"featured_media":74,"parent":0,"menu_order":0,"comment_status":"open","ping_status":"open","template":"producto-rojo-template.php","meta":[],"_links":{"self":[{"href":"https:\/\/www.zoodata.com\/zoodata\/wp-json\/wp\/v2\/pages\/73"}],"collection":[{"href":"https:\/\/www.zoodata.com\/zoodata\/wp-json\/wp\/v2\/pages"}],"about":[{"href":"https:\/\/www.zoodata.com\/zoodata\/wp-json\/wp\/v2\/types\/page"}],"author":[{"embeddable":true,"href":"https:\/\/www.zoodata.com\/zoodata\/wp-json\/wp\/v2\/users\/1"}],"replies":[{"embeddable":true,"href":"https:\/\/www.zoodata.com\/zoodata\/wp-json\/wp\/v2\/comments?post=73"}],"version-history":[{"count":4,"href":"https:\/\/www.zoodata.com\/zoodata\/wp-json\/wp\/v2\/pages\/73\/revisions"}],"predecessor-version":[{"id":174,"href":"https:\/\/www.zoodata.com\/zoodata\/wp-json\/wp\/v2\/pages\/73\/revisions\/174"}],"wp:featuredmedia":[{"embeddable":true,"href":"https:\/\/www.zoodata.com\/zoodata\/wp-json\/wp\/v2\/media\/74"}],"wp:attachment":[{"href":"https:\/\/www.zoodata.com\/zoodata\/wp-json\/wp\/v2\/media?parent=73"}],"curies":[{"name":"wp","href":"https:\/\/api.w.org\/{rel}","templated":true}]}}