{"id":94,"date":"2013-08-20T21:38:30","date_gmt":"2013-08-20T21:38:30","guid":{"rendered":"http:\/\/www.zoodata.com.php53-21.ord1-1.websitetestlink.com\/zoodata\/?page_id=94"},"modified":"2013-08-20T21:42:11","modified_gmt":"2013-08-20T21:42:11","slug":"lector-inalambrico-bt3","status":"publish","type":"page","link":"http:\/\/www.zoodata.com\/zoodata\/lector-inalambrico-bt3\/","title":{"rendered":"Lector Inalambrico BT3"},"content":{"rendered":"<p>El lector posee comunicaci\u00f3n bluetooth que se puede conectar con celuares, Handhelds, PDA y computadores con esta tecnolog\u00eda inclu\u00edda. Utiliza el sistema de lecuraFullDuplex-B (FDX-B) y HalfDuplex (HDX). <\/br><\/br>\n\t\t\t\t\t\t<\/p>\n<p>\n\t\t\t\t\t\t\tEste dispositivo cumplen con las normas ISO 11784-11785 siendo compatible con todos los sistemas de identificaci\u00f3n electr\u00f3nica ISO compatibles.<\/br><\/br>\n\t\t\t\t\t\t<\/p>\n<p>Seg\u00fan resoluci\u00f3n SAG #2497 permite la utilizaci\u00f3n de DIIO con bot\u00f3n electr\u00f3nico ISO para predios PABCO-A Europa.<\/br><\/br>\n\t\t\t\t\t\t<\/p>\n<p>AgMobile combina los beneficios de la Identificaci\u00f3n Animal Electr\u00f3nica (RFID) con un software para captura m\u00f3vil de datos (PALM, Pocket PC). AgMobile es una soluci\u00f3n efectiva de almacenamiento y gesti\u00f3n de informaci\u00f3n para productores agropecuarios.<\/br><\/br>\n\t\t\t\t\t\t<\/p>\n<p>AgMobile es una sencilla herramienta de captura m\u00f3vil de datos que unida a un lector de caravanas inal\u00e1mbrico permite a los productores una r\u00e1pida identificaci\u00f3n individual de animales, capturar informaci\u00f3n productiva, visualizar el historial sanitario y tomar decisiones en el momento de la captura. El programa simplifica el ingreso y manejo de datos haciendo m\u00e1s eficiente el trabajo del productor o evaluador.<\/br><\/br>\n\t\t\t\t\t\t<\/p>\n<p>BENEFICIOS<\/br><br \/>\nF\u00e1cil captura de datos en el campo<\/br><br \/>\nAcceso instant\u00e1neo a la historia animal<\/br><br \/>\nFacilita manejo general del rodeo<\/br><br \/>\nPermite generar inventario de animales<\/br><br \/>\nMejora manejo sanitario y reproductivo<\/br><\/br><\/p>\n<p>CARACTER\u00cdSTICAS<\/br><br \/>\nPosee un sistema sonoro de alerta para acciones predeterminadas <\/br><br \/>\nElimina lectura visual de caravanas y anotaciones manuales<\/br><br \/>\nCompatible con el DIIO Electr\u00f3nico aprovado por el SAG<\/br><br \/>\nPermite generar reportes de informaci\u00f3n a trav\u00e9s de BeefLink o cualquier otra aplicaci\u00f3n.<\/p>\n","protected":false},"excerpt":{"rendered":"<p>El lector posee comunicaci\u00f3n bluetooth que se puede conectar con celuares, Handhelds, PDA y computadores con esta tecnolog\u00eda inclu\u00edda. Utiliza el sistema de lecuraFullDuplex-B (FDX-B) y HalfDuplex (HDX). Este dispositivo cumplen con las normas ISO 11784-11785 siendo compatible con todos los sistemas de identificaci\u00f3n electr\u00f3nica ISO compatibles. Seg\u00fan resoluci\u00f3n SAG #2497 permite la utilizaci\u00f3n de [&hellip;]<\/p>\n","protected":false},"author":1,"featured_media":95,"parent":0,"menu_order":0,"comment_status":"open","ping_status":"open","template":"producto-calixto-template.php","meta":[],"_links":{"self":[{"href":"http:\/\/www.zoodata.com\/zoodata\/wp-json\/wp\/v2\/pages\/94"}],"collection":[{"href":"http:\/\/www.zoodata.com\/zoodata\/wp-json\/wp\/v2\/pages"}],"about":[{"href":"http:\/\/www.zoodata.com\/zoodata\/wp-json\/wp\/v2\/types\/page"}],"author":[{"embeddable":true,"href":"http:\/\/www.zoodata.com\/zoodata\/wp-json\/wp\/v2\/users\/1"}],"replies":[{"embeddable":true,"href":"http:\/\/www.zoodata.com\/zoodata\/wp-json\/wp\/v2\/comments?post=94"}],"version-history":[{"count":2,"href":"http:\/\/www.zoodata.com\/zoodata\/wp-json\/wp\/v2\/pages\/94\/revisions"}],"predecessor-version":[{"id":98,"href":"http:\/\/www.zoodata.com\/zoodata\/wp-json\/wp\/v2\/pages\/94\/revisions\/98"}],"wp:featuredmedia":[{"embeddable":true,"href":"http:\/\/www.zoodata.com\/zoodata\/wp-json\/wp\/v2\/media\/95"}],"wp:attachment":[{"href":"http:\/\/www.zoodata.com\/zoodata\/wp-json\/wp\/v2\/media?parent=94"}],"curies":[{"name":"wp","href":"https:\/\/api.w.org\/{rel}","templated":true}]}}