{"id":25,"date":"2013-08-14T19:09:13","date_gmt":"2013-08-14T19:09:13","guid":{"rendered":"http:\/\/www.zoodata.com.php53-21.ord1-1.websitetestlink.com\/zoodata\/?page_id=25"},"modified":"2020-11-16T11:45:55","modified_gmt":"2020-11-16T14:45:55","slug":"nosotros","status":"publish","type":"page","link":"http:\/\/www.zoodata.com\/zoodata\/nosotros\/","title":{"rendered":"Nosotros"},"content":{"rendered":"<h2>Misi\u00f3n<\/h2>\n<p>&nbsp;<\/p>\n<p>ZOODATA Ltda, nace en el 2000, como una empresa con un objetivo claro de solucionar y brindar apoyo a Instituciones, Asociaciones, Federaciones, propietarios de Criadores de Caballos, Perros, Cl\u00ednicas Veterinarias, Municipalidades, instituciones gubernamentales y due\u00f1os de mascotas en general, por medio de los m\u00e1s avanzados Sistemas Electr\u00f3nicos de Identificaci\u00f3n Animal de Radio-Frecuencia (RFID).<\/p>\n<p>&nbsp;<\/p>\n<h2>Tecnolog\u00eda<\/h2>\n<p>&nbsp;<\/p>\n<p>Para ello contamos con los m\u00e1s avanzados y vers\u00e1til tecnolog\u00eda en identificaci\u00f3n animal, cumpliendo con las normas de estandarizaci\u00f3n internacional ISO 11784\/11785.<\/p>\n<p>&nbsp;<\/p>\n<h2>Experiencia internacional<\/h2>\n<p>&nbsp;<\/p>\n<p>Nuestra empresa cuenta con m\u00e1s de <strong>17 a\u00f1os<\/strong> de experiencia en la venta y distribuci\u00f3n de sistemas de identificaci\u00f3n electr\u00f3nica de animales,\u00a0con m\u00e1s de <strong>920 Centros de implante y b\u00fasqueda,\u00a0180 Municipios, 27 Gobernaciones Provinciales, 8 Gobiernos Regionales<\/strong>, con cobertura desde <strong>Arica a Puerto Williams, incluso con centro de implante en Isla de Pascua y el Archipi\u00e9lago de Juan Fern\u00e1ndez en la Isla Robinson Crusoe.\u00a0<\/strong>Hoy nuestro Registro Nacional de Mascotas Busca-Pet\u00a0que cuenta con m\u00e1s de <strong>950.000 animales registrados electr\u00f3nicamente, <\/strong>siendo la red interconectada de cl\u00ednicas veterinarias\u00a0y municipios m\u00e1s grande y extensa del pa\u00eds<\/p>\n<p>&nbsp;<\/p>\n<p>&nbsp;<\/p>\n<p>&nbsp;<\/p>\n","protected":false},"excerpt":{"rendered":"<p>Misi\u00f3n &nbsp; ZOODATA Ltda, nace en el 2000, como una empresa con un objetivo claro de solucionar y brindar apoyo a Instituciones, Asociaciones, Federaciones, propietarios de Criadores de Caballos, Perros, Cl\u00ednicas Veterinarias, Municipalidades, instituciones gubernamentales y due\u00f1os de mascotas en general, por medio de los m\u00e1s avanzados Sistemas Electr\u00f3nicos de Identificaci\u00f3n Animal de Radio-Frecuencia (RFID). [&hellip;]<\/p>\n","protected":false},"author":1,"featured_media":26,"parent":0,"menu_order":0,"comment_status":"open","ping_status":"open","template":"nosotros-template.php","meta":[],"_links":{"self":[{"href":"http:\/\/www.zoodata.com\/zoodata\/wp-json\/wp\/v2\/pages\/25"}],"collection":[{"href":"http:\/\/www.zoodata.com\/zoodata\/wp-json\/wp\/v2\/pages"}],"about":[{"href":"http:\/\/www.zoodata.com\/zoodata\/wp-json\/wp\/v2\/types\/page"}],"author":[{"embeddable":true,"href":"http:\/\/www.zoodata.com\/zoodata\/wp-json\/wp\/v2\/users\/1"}],"replies":[{"embeddable":true,"href":"http:\/\/www.zoodata.com\/zoodata\/wp-json\/wp\/v2\/comments?post=25"}],"version-history":[{"count":14,"href":"http:\/\/www.zoodata.com\/zoodata\/wp-json\/wp\/v2\/pages\/25\/revisions"}],"predecessor-version":[{"id":7019,"href":"http:\/\/www.zoodata.com\/zoodata\/wp-json\/wp\/v2\/pages\/25\/revisions\/7019"}],"wp:featuredmedia":[{"embeddable":true,"href":"http:\/\/www.zoodata.com\/zoodata\/wp-json\/wp\/v2\/media\/26"}],"wp:attachment":[{"href":"http:\/\/www.zoodata.com\/zoodata\/wp-json\/wp\/v2\/media?parent=25"}],"curies":[{"name":"wp","href":"https:\/\/api.w.org\/{rel}","templated":true}]}}