{"id":21,"date":"2013-08-14T19:04:01","date_gmt":"2013-08-14T19:04:01","guid":{"rendered":"http:\/\/www.zoodata.com.php53-21.ord1-1.websitetestlink.com\/zoodata\/?page_id=21"},"modified":"2015-02-07T11:59:59","modified_gmt":"2015-02-07T11:59:59","slug":"microchip","status":"publish","type":"page","link":"http:\/\/www.zoodata.com\/zoodata\/microchip\/","title":{"rendered":"Microchip"},"content":{"rendered":"<p>El Microchip es un peque\u00f1o circuito de computadora pasivo de 11.5 mm de largo x 2.1 mm de di\u00e1metro, que permite su paso a trav\u00e9s de una aguja hipod\u00e9rmica de 12 G (Gauge), para ser implantado subcutaneamente en los animales. Utiliza el sistema FullDuplex-B (FDX-B), con una velocidad de lectura de 50-60 msec.<\/p>\n<p>&nbsp;<\/p>\n<p>Este dispositivo cumplen con las normas ISO 11784 siendo compatible con los dem\u00e1s sistemas de identificaci\u00f3n electr\u00f3nica que se rigen por estos est\u00e1ndares con banda de frecuencia de 134.2\u00a0kHz.<\/p>\n<p>&nbsp;<\/p>\n<p>La memoria del Dispositivo Electr\u00f3nico permite almacenar un c\u00f3digo de 15 n\u00fameros que combinados entre s\u00ed dan una posibilidad de 30 Trillones de combinaciones, lo que significa que cada Microchip es \u00fanico y no tiene posible duplicidad, por consiguiente, cada uno de los animales que porta en su organismo uno de estos Microchips ser\u00e1 \u00fanico y perfectamente diferenciable de otro.<\/p>\n<p>&nbsp;<\/p>\n<p>Los Microchips se encuentran recubiertos por un cristal biocompatible, que adem\u00e1s consta de una delgada capa de 50 micrones de paryleneR, que es fabricado de un Pol\u00edmero Biol\u00f3gico Inerte, por lo NO existe rechazo por parte del organismo, facilitando la fijaci\u00f3n al tejido, ya que al ser inyectado bajo la piel es reconocido por el organismo, que forma una delgada capa de prote\u00edna que lo fija en el sitio de implantaci\u00f3n evitando de esta manera su desplazamiento o migraci\u00f3n una vez dentro de la piel.<\/p>\n<p>&nbsp;<\/p>\n<p>Cada Dispositivos Electr\u00f3nico viene en un envoltorio completamente separado y est\u00e9ril, con autoahesivos de c\u00f3digo de Barras, para facilitar la identificaci\u00f3n del animal en su ficha cl\u00ednica, Tarjeta de identificaci\u00f3n o carn\u00e9.<\/p>\n<p>&nbsp;<\/p>\n<p>Su presentaci\u00f3n comercial es en aguja o Jeringa est\u00e9ril desechable con una aplicador, para que el profesional pueda proceder a la implantaci\u00f3n del dispositivo bajo el subcut\u00e1neo de la mascota.<\/p>\n","protected":false},"excerpt":{"rendered":"<p>El Microchip es un peque\u00f1o circuito de computadora pasivo de 11.5 mm de largo x 2.1 mm de di\u00e1metro, que permite su paso a trav\u00e9s de una aguja hipod\u00e9rmica de 12 G (Gauge), para ser implantado subcutaneamente en los animales. Utiliza el sistema FullDuplex-B (FDX-B), con una velocidad de lectura de 50-60 msec. &nbsp; Este [&hellip;]<\/p>\n","protected":false},"author":1,"featured_media":22,"parent":0,"menu_order":0,"comment_status":"open","ping_status":"open","template":"producto-verde-template.php","meta":[],"_links":{"self":[{"href":"http:\/\/www.zoodata.com\/zoodata\/wp-json\/wp\/v2\/pages\/21"}],"collection":[{"href":"http:\/\/www.zoodata.com\/zoodata\/wp-json\/wp\/v2\/pages"}],"about":[{"href":"http:\/\/www.zoodata.com\/zoodata\/wp-json\/wp\/v2\/types\/page"}],"author":[{"embeddable":true,"href":"http:\/\/www.zoodata.com\/zoodata\/wp-json\/wp\/v2\/users\/1"}],"replies":[{"embeddable":true,"href":"http:\/\/www.zoodata.com\/zoodata\/wp-json\/wp\/v2\/comments?post=21"}],"version-history":[{"count":4,"href":"http:\/\/www.zoodata.com\/zoodata\/wp-json\/wp\/v2\/pages\/21\/revisions"}],"predecessor-version":[{"id":1179,"href":"http:\/\/www.zoodata.com\/zoodata\/wp-json\/wp\/v2\/pages\/21\/revisions\/1179"}],"wp:featuredmedia":[{"embeddable":true,"href":"http:\/\/www.zoodata.com\/zoodata\/wp-json\/wp\/v2\/media\/22"}],"wp:attachment":[{"href":"http:\/\/www.zoodata.com\/zoodata\/wp-json\/wp\/v2\/media?parent=21"}],"curies":[{"name":"wp","href":"https:\/\/api.w.org\/{rel}","templated":true}]}}