{"id":17,"date":"2013-08-14T18:52:59","date_gmt":"2013-08-14T18:52:59","guid":{"rendered":"http:\/\/www.zoodata.com.php53-21.ord1-1.websitetestlink.com\/zoodata\/?page_id=17"},"modified":"2013-08-28T13:04:42","modified_gmt":"2013-08-28T13:04:42","slug":"bolo-intraruminal","status":"publish","type":"page","link":"http:\/\/www.zoodata.com\/zoodata\/bolo-intraruminal\/","title":{"rendered":"BOLO INTRARUMINAL"},"content":{"rendered":"<p>El Bolo Intraruminal se compone de un circuito integrado, bobina y condensador herm\u00e9ticamente sellados en una c\u00e1psula de cer\u00e1mica Biocompatible. al igual que el Autocrotal, es un dispositivo Pasivo teniendo una larga vida \u00fatil. con un circuito integrado completamente sellado por ceramicabiocompatible.<\/p>\n<p>&nbsp;<\/p>\n<p>El dispositivo es administrado por medio de un Lanzador de Bolo, aloj\u00e1ndose en Ret\u00edculo del animal con una retenci\u00f3n superior al 99.9%, siendo muy f\u00e1cil su recuperaci\u00f3n en Matadero.<\/p>\n","protected":false},"excerpt":{"rendered":"<p>El Bolo Intraruminal se compone de un circuito integrado, bobina y condensador herm\u00e9ticamente sellados en una c\u00e1psula de cer\u00e1mica Biocompatible. al igual que el Autocrotal, es un dispositivo Pasivo teniendo una larga vida \u00fatil. con un circuito integrado completamente sellado por ceramicabiocompatible. &nbsp; El dispositivo es administrado por medio de un Lanzador de Bolo, aloj\u00e1ndose [&hellip;]<\/p>\n","protected":false},"author":1,"featured_media":18,"parent":0,"menu_order":0,"comment_status":"open","ping_status":"open","template":"producto-calixto-template.php","meta":[],"_links":{"self":[{"href":"http:\/\/www.zoodata.com\/zoodata\/wp-json\/wp\/v2\/pages\/17"}],"collection":[{"href":"http:\/\/www.zoodata.com\/zoodata\/wp-json\/wp\/v2\/pages"}],"about":[{"href":"http:\/\/www.zoodata.com\/zoodata\/wp-json\/wp\/v2\/types\/page"}],"author":[{"embeddable":true,"href":"http:\/\/www.zoodata.com\/zoodata\/wp-json\/wp\/v2\/users\/1"}],"replies":[{"embeddable":true,"href":"http:\/\/www.zoodata.com\/zoodata\/wp-json\/wp\/v2\/comments?post=17"}],"version-history":[{"count":2,"href":"http:\/\/www.zoodata.com\/zoodata\/wp-json\/wp\/v2\/pages\/17\/revisions"}],"predecessor-version":[{"id":170,"href":"http:\/\/www.zoodata.com\/zoodata\/wp-json\/wp\/v2\/pages\/17\/revisions\/170"}],"wp:featuredmedia":[{"embeddable":true,"href":"http:\/\/www.zoodata.com\/zoodata\/wp-json\/wp\/v2\/media\/18"}],"wp:attachment":[{"href":"http:\/\/www.zoodata.com\/zoodata\/wp-json\/wp\/v2\/media?parent=17"}],"curies":[{"name":"wp","href":"https:\/\/api.w.org\/{rel}","templated":true}]}}